{"id":205,"date":"2026-01-07T13:48:45","date_gmt":"2026-01-07T12:48:45","guid":{"rendered":"http:\/\/delfirm.com\/?page_id=205"},"modified":"2026-01-07T13:49:57","modified_gmt":"2026-01-07T12:49:57","slug":"machines","status":"publish","type":"page","link":"https:\/\/delfirm.com\/index.php\/machines\/","title":{"rendered":"Machines"},"content":{"rendered":"\n<h2 class=\"wp-block-heading\">Notre parc de Machines<\/h2>\n\n\n\n<p>Nous sommes \u00e9quip\u00e9s de 13 presses allant de 15 \u00e0 400 Tonnes dont trois verticales pour effectuer le surmoulage de pi\u00e8ces ainsi que&nbsp;de deux soudeuses ultra-son.<\/p>\n\n\n\n<div style=\"height:100px\" aria-hidden=\"true\" class=\"wp-block-spacer\"><\/div>\n\n\n\n<figure class=\"wp-block-gallery has-nested-images columns-default is-cropped wp-block-gallery-1 is-layout-flex wp-block-gallery-is-layout-flex\">\n<figure class=\"wp-block-image size-large\"><img loading=\"lazy\" decoding=\"async\" width=\"567\" height=\"381\" data-id=\"13\" src=\"https:\/\/delfirm.com\/wp-content\/uploads\/2025\/12\/ENGEL-120-T.jpg\" alt=\"\" class=\"wp-image-13\" srcset=\"https:\/\/delfirm.com\/wp-content\/uploads\/2025\/12\/ENGEL-120-T.jpg 567w, https:\/\/delfirm.com\/wp-content\/uploads\/2025\/12\/ENGEL-120-T-300x202.jpg 300w\" sizes=\"auto, (max-width: 567px) 100vw, 567px\" \/><\/figure>\n\n\n\n<figure class=\"wp-block-image size-large\"><img loading=\"lazy\" decoding=\"async\" width=\"640\" height=\"426\" data-id=\"63\" src=\"https:\/\/delfirm.com\/wp-content\/uploads\/2025\/12\/image004.jpg\" alt=\"\" class=\"wp-image-63\" srcset=\"https:\/\/delfirm.com\/wp-content\/uploads\/2025\/12\/image004.jpg 640w, https:\/\/delfirm.com\/wp-content\/uploads\/2025\/12\/image004-300x200.jpg 300w\" sizes=\"auto, (max-width: 640px) 100vw, 640px\" \/><\/figure>\n\n\n\n<figure class=\"wp-block-image size-large\"><img loading=\"lazy\" decoding=\"async\" width=\"640\" height=\"344\" data-id=\"65\" src=\"https:\/\/delfirm.com\/wp-content\/uploads\/2025\/12\/image008.jpg\" alt=\"\" class=\"wp-image-65\" srcset=\"https:\/\/delfirm.com\/wp-content\/uploads\/2025\/12\/image008.jpg 640w, https:\/\/delfirm.com\/wp-content\/uploads\/2025\/12\/image008-300x161.jpg 300w\" sizes=\"auto, (max-width: 640px) 100vw, 640px\" \/><\/figure>\n\n\n\n<figure class=\"wp-block-image size-large\"><img loading=\"lazy\" decoding=\"async\" width=\"629\" height=\"405\" data-id=\"66\" src=\"https:\/\/delfirm.com\/wp-content\/uploads\/2025\/12\/image024.jpg\" alt=\"\" class=\"wp-image-66\" srcset=\"https:\/\/delfirm.com\/wp-content\/uploads\/2025\/12\/image024.jpg 629w, https:\/\/delfirm.com\/wp-content\/uploads\/2025\/12\/image024-300x193.jpg 300w\" sizes=\"auto, (max-width: 629px) 100vw, 629px\" \/><\/figure>\n<\/figure>\n\n\n\n<div class=\"wp-block-media-text is-stacked-on-mobile\"><figure class=\"wp-block-media-text__media\"><img loading=\"lazy\" decoding=\"async\" width=\"1024\" height=\"576\" src=\"https:\/\/delfirm.com\/wp-content\/uploads\/2025\/12\/Design-sans-titre-3-1024x576.png\" alt=\"\" class=\"wp-image-97 size-full\" srcset=\"https:\/\/delfirm.com\/wp-content\/uploads\/2025\/12\/Design-sans-titre-3-1024x576.png 1024w, https:\/\/delfirm.com\/wp-content\/uploads\/2025\/12\/Design-sans-titre-3-300x169.png 300w, https:\/\/delfirm.com\/wp-content\/uploads\/2025\/12\/Design-sans-titre-3-768x432.png 768w, https:\/\/delfirm.com\/wp-content\/uploads\/2025\/12\/Design-sans-titre-3.png 1280w\" sizes=\"auto, (max-width: 1024px) 100vw, 1024px\" \/><\/figure><div class=\"wp-block-media-text__content\">\n<p><br>SANDRETTO 220 T (petites pi\u00e8ces)<\/p>\n\n\n\n<p>SANDRETTO 250 T<\/p>\n\n\n\n<p>ENGEL verticale 50 T avec plateau rotatif<\/p>\n\n\n\n<p>BOY VERTICALE 25 T<\/p>\n\n\n\n<p>ENGEL 400T<\/p>\n\n\n\n<p>ENGEL 120 T avec&nbsp;plafond flux laminaire &nbsp;(class\u00e9 ISO VI) pour&nbsp;secteur m\u00e9dical<\/p>\n\n\n\n<p>NEGRI BOSSI 70T<\/p>\n\n\n\n<p>NEGRI BOSSI 62 T<\/p>\n\n\n\n<p>NEGRI BOSSI 400 T<\/p>\n\n\n\n<p>NEGRI BOSSI 85 T<\/p>\n\n\n\n<p>HARBOURG 320C 50 T<\/p>\n\n\n\n<p>HARBOURG 420C 100 T<\/p>\n\n\n\n<p>KRAUSSMASSEI (cosm\u00e9tique)<\/p>\n<\/div><\/div>\n\n\n\n<div class=\"wp-block-buttons is-content-justification-center is-layout-flex wp-container-core-buttons-is-layout-16018d1d wp-block-buttons-is-layout-flex\">\n<div class=\"wp-block-button\"><a class=\"wp-block-button__link wp-element-button\" href=\"mailto:contact@delfirm.com\">Demandez un devis<\/a><\/div>\n<\/div>\n","protected":false},"excerpt":{"rendered":"<p>Notre parc de Machines Nous sommes \u00e9quip\u00e9s de 13 presses allant de 15 \u00e0 400 Tonnes dont trois verticales pour effectuer le surmoulage de pi\u00e8ces ainsi que&nbsp;de deux soudeuses ultra-son. SANDRETTO 220 T (petites pi\u00e8ces) SANDRETTO 250 T ENGEL verticale 50 T avec plateau rotatif BOY VERTICALE 25 T ENGEL 400T ENGEL 120 T avec&nbsp;plafond [&hellip;]<\/p>\n","protected":false},"author":1,"featured_media":0,"parent":0,"menu_order":0,"comment_status":"closed","ping_status":"closed","template":"","meta":{"footnotes":""},"class_list":["post-205","page","type-page","status-publish","hentry"],"_links":{"self":[{"href":"https:\/\/delfirm.com\/index.php\/wp-json\/wp\/v2\/pages\/205","targetHints":{"allow":["GET"]}}],"collection":[{"href":"https:\/\/delfirm.com\/index.php\/wp-json\/wp\/v2\/pages"}],"about":[{"href":"https:\/\/delfirm.com\/index.php\/wp-json\/wp\/v2\/types\/page"}],"author":[{"embeddable":true,"href":"https:\/\/delfirm.com\/index.php\/wp-json\/wp\/v2\/users\/1"}],"replies":[{"embeddable":true,"href":"https:\/\/delfirm.com\/index.php\/wp-json\/wp\/v2\/comments?post=205"}],"version-history":[{"count":6,"href":"https:\/\/delfirm.com\/index.php\/wp-json\/wp\/v2\/pages\/205\/revisions"}],"predecessor-version":[{"id":212,"href":"https:\/\/delfirm.com\/index.php\/wp-json\/wp\/v2\/pages\/205\/revisions\/212"}],"wp:attachment":[{"href":"https:\/\/delfirm.com\/index.php\/wp-json\/wp\/v2\/media?parent=205"}],"curies":[{"name":"wp","href":"https:\/\/api.w.org\/{rel}","templated":true}]}}